{"id":5,"date":"2021-02-17T19:04:47","date_gmt":"2021-02-17T19:04:47","guid":{"rendered":"https:\/\/www.sk-haarexperten.de\/barbershop-radebeul\/?page_id=5"},"modified":"2025-10-28T20:12:37","modified_gmt":"2025-10-28T20:12:37","slug":"create-your-website-with-blocks","status":"publish","type":"page","link":"https:\/\/www.sk-haarexperten.de\/salon-pieschen\/","title":{"rendered":"FRISEURSALON"},"content":{"rendered":"\n<figure class=\"wp-block-image alignwide size-large\"><img loading=\"lazy\" decoding=\"async\" width=\"1024\" height=\"576\" src=\"https:\/\/www.sk-haarexperten.de\/salon-pieschen\/wp-content\/uploads\/2021\/02\/stucco-ceiling-1627013_1920-1024x576.jpg\" alt=\"\" class=\"wp-image-95\" srcset=\"https:\/\/www.sk-haarexperten.de\/salon-pieschen\/wp-content\/uploads\/2021\/02\/stucco-ceiling-1627013_1920-1024x576.jpg 1024w, https:\/\/www.sk-haarexperten.de\/salon-pieschen\/wp-content\/uploads\/2021\/02\/stucco-ceiling-1627013_1920-300x169.jpg 300w, https:\/\/www.sk-haarexperten.de\/salon-pieschen\/wp-content\/uploads\/2021\/02\/stucco-ceiling-1627013_1920-768x432.jpg 768w, https:\/\/www.sk-haarexperten.de\/salon-pieschen\/wp-content\/uploads\/2021\/02\/stucco-ceiling-1627013_1920-1536x864.jpg 1536w, https:\/\/www.sk-haarexperten.de\/salon-pieschen\/wp-content\/uploads\/2021\/02\/stucco-ceiling-1627013_1920-1568x882.jpg 1568w, https:\/\/www.sk-haarexperten.de\/salon-pieschen\/wp-content\/uploads\/2021\/02\/stucco-ceiling-1627013_1920.jpg 1920w\" sizes=\"auto, (max-width: 1024px) 100vw, 1024px\" \/><\/figure>\n\n\n\n<div class=\"wp-block-columns alignwide is-layout-flex wp-container-core-columns-is-layout-9d6595d7 wp-block-columns-is-layout-flex\">\n<div class=\"wp-block-column is-layout-flow wp-block-column-is-layout-flow\" style=\"flex-basis:33.33%\"><\/div>\n\n\n\n<div class=\"wp-block-column is-layout-flow wp-block-column-is-layout-flow\" style=\"flex-basis:66.66%\">\n<p>SEHRISH KHAN und ihr Team vereinen Service, Qualit\u00e4t und Kreativit\u00e4t. <\/p>\n\n\n\n<p>Im Herzen von Dresden-Pieschen bieten wir ausgew\u00e4hlte Friseurdienstleistungen f\u00fcr Damen und Herren an. <\/p>\n\n\n\n<p>Wohltuende Pflegerituale und der Einsatz hochwertiger Pflegeprodukte von La Biosthetique l\u00e4sst jeden Besuch zu einer Auszeit vom Alltag werden.<\/p>\n\n\n\n<p><\/p>\n<\/div>\n<\/div>\n\n\n\n<div style=\"height:100px\" aria-hidden=\"true\" class=\"wp-block-spacer\"><\/div>\n\n\n\n<h2 class=\"wp-block-heading alignwide has-text-align-left\" id=\"news\">NEWS<\/h2>\n\n\n\n<div class=\"wp-block-columns alignwide is-layout-flex wp-container-core-columns-is-layout-9d6595d7 wp-block-columns-is-layout-flex\">\n<div class=\"wp-block-column is-layout-flow wp-block-column-is-layout-flow\" style=\"flex-basis:33.33%\">\n<figure class=\"wp-block-image size-large is-style-default\"><img loading=\"lazy\" decoding=\"async\" width=\"1024\" height=\"683\" src=\"https:\/\/www.sk-haarexperten.de\/salon-pieschen\/wp-content\/uploads\/2021\/02\/Einblick-print-1024x683.jpg\" alt=\"\" class=\"wp-image-50\" srcset=\"https:\/\/www.sk-haarexperten.de\/salon-pieschen\/wp-content\/uploads\/2021\/02\/Einblick-print-1024x683.jpg 1024w, https:\/\/www.sk-haarexperten.de\/salon-pieschen\/wp-content\/uploads\/2021\/02\/Einblick-print-300x200.jpg 300w, https:\/\/www.sk-haarexperten.de\/salon-pieschen\/wp-content\/uploads\/2021\/02\/Einblick-print-768x512.jpg 768w, https:\/\/www.sk-haarexperten.de\/salon-pieschen\/wp-content\/uploads\/2021\/02\/Einblick-print-1536x1024.jpg 1536w, https:\/\/www.sk-haarexperten.de\/salon-pieschen\/wp-content\/uploads\/2021\/02\/Einblick-print-2048x1365.jpg 2048w, https:\/\/www.sk-haarexperten.de\/salon-pieschen\/wp-content\/uploads\/2021\/02\/Einblick-print-1568x1045.jpg 1568w\" sizes=\"auto, (max-width: 1024px) 100vw, 1024px\" \/><\/figure>\n<\/div>\n\n\n\n<div class=\"wp-block-column is-vertically-aligned-center is-layout-flow wp-block-column-is-layout-flow\" style=\"flex-basis:66.66%\">\n<p class=\"has-text-align-left\"><strong>Neue \u00d6ffnungszeiten ab dem 01.06.2021!<\/strong><\/p>\n\n\n\n<figure class=\"wp-block-table is-style-regular\"><table><tbody><tr><td><strong>Montag-Freitag<\/strong><\/td><td><strong>10:00 \u2013 20:00 Uhr<\/strong><\/td><\/tr><tr><td><strong>Samstag<\/strong><\/td><td><strong>&nbsp;geschlossen<\/strong><\/td><\/tr><\/tbody><\/table><\/figure>\n\n\n\n<p>Wir freuen uns auf euren und Ihren Besuch, das Team von Sehrish Khan HAAREXPERTEN<\/p>\n<\/div>\n<\/div>\n\n\n\n<div style=\"height:100px\" aria-hidden=\"true\" class=\"wp-block-spacer\"><\/div>\n\n\n\n<div class=\"wp-block-columns alignwide is-layout-flex wp-container-core-columns-is-layout-9d6595d7 wp-block-columns-is-layout-flex\">\n<div class=\"wp-block-column is-layout-flow wp-block-column-is-layout-flow\" style=\"flex-basis:33.33%\">\n<figure class=\"wp-block-image size-large is-style-default\"><img loading=\"lazy\" decoding=\"async\" width=\"1024\" height=\"683\" src=\"https:\/\/www.sk-haarexperten.de\/salon-pieschen\/wp-content\/uploads\/2021\/02\/Detail_2-print-1024x683.jpg\" alt=\"\" class=\"wp-image-52\" srcset=\"https:\/\/www.sk-haarexperten.de\/salon-pieschen\/wp-content\/uploads\/2021\/02\/Detail_2-print-1024x683.jpg 1024w, https:\/\/www.sk-haarexperten.de\/salon-pieschen\/wp-content\/uploads\/2021\/02\/Detail_2-print-300x200.jpg 300w, https:\/\/www.sk-haarexperten.de\/salon-pieschen\/wp-content\/uploads\/2021\/02\/Detail_2-print-768x512.jpg 768w, https:\/\/www.sk-haarexperten.de\/salon-pieschen\/wp-content\/uploads\/2021\/02\/Detail_2-print-1536x1024.jpg 1536w, https:\/\/www.sk-haarexperten.de\/salon-pieschen\/wp-content\/uploads\/2021\/02\/Detail_2-print-2048x1365.jpg 2048w, https:\/\/www.sk-haarexperten.de\/salon-pieschen\/wp-content\/uploads\/2021\/02\/Detail_2-print-1568x1045.jpg 1568w\" sizes=\"auto, (max-width: 1024px) 100vw, 1024px\" \/><\/figure>\n<\/div>\n\n\n\n<div class=\"wp-block-column is-vertically-aligned-center is-layout-flow wp-block-column-is-layout-flow\" style=\"flex-basis:66.66%\">\n<p><strong>Gutscheine \u2013 als passendes Geschenk<\/strong><\/p>\n\n\n\n<p>Ihr seid auf der Suche nach einem passenden Geschenk? Dann verschenkt doch einfach einen Gutschein von SEHRISH KHAN \u2013 Haarexperten. Dieser kann f\u00fcr unser gesamtes Produktportfolio eingel\u00f6st werden. Und das Beste daran ist, dass es ab einem Gutscheinwert von 100\u20ac ein Wellness-Treatment f\u00fcr den Gutscheininhaber im Wert von bis zu 10 \u20ac von uns geschenkt gibt (z.B. orientalische Haarentfernung, Wimpern f\u00e4rben).<\/p>\n\n\n\n<p>Schreibt uns eine Mail oder kommt zu uns in den Laden und kauft einen Gutschein.<\/p>\n<\/div>\n<\/div>\n\n\n\n<div style=\"height:100px\" aria-hidden=\"true\" class=\"wp-block-spacer\"><\/div>\n\n\n\n<div class=\"wp-block-columns alignwide is-layout-flex wp-container-core-columns-is-layout-9d6595d7 wp-block-columns-is-layout-flex\">\n<div class=\"wp-block-column is-layout-flow wp-block-column-is-layout-flow\" style=\"flex-basis:33.33%\">\n<figure class=\"wp-block-image size-large is-style-default\"><img loading=\"lazy\" decoding=\"async\" width=\"1024\" height=\"576\" src=\"https:\/\/www.sk-haarexperten.de\/salon-pieschen\/wp-content\/uploads\/2021\/02\/P1030748-1024x576.jpg\" alt=\"\" class=\"wp-image-116\" srcset=\"https:\/\/www.sk-haarexperten.de\/salon-pieschen\/wp-content\/uploads\/2021\/02\/P1030748-1024x576.jpg 1024w, https:\/\/www.sk-haarexperten.de\/salon-pieschen\/wp-content\/uploads\/2021\/02\/P1030748-300x169.jpg 300w, https:\/\/www.sk-haarexperten.de\/salon-pieschen\/wp-content\/uploads\/2021\/02\/P1030748-768x432.jpg 768w, https:\/\/www.sk-haarexperten.de\/salon-pieschen\/wp-content\/uploads\/2021\/02\/P1030748-1536x864.jpg 1536w, https:\/\/www.sk-haarexperten.de\/salon-pieschen\/wp-content\/uploads\/2021\/02\/P1030748-2048x1152.jpg 2048w, https:\/\/www.sk-haarexperten.de\/salon-pieschen\/wp-content\/uploads\/2021\/02\/P1030748-1568x882.jpg 1568w\" sizes=\"auto, (max-width: 1024px) 100vw, 1024px\" \/><\/figure>\n<\/div>\n\n\n\n<div class=\"wp-block-column is-vertically-aligned-center is-layout-flow wp-block-column-is-layout-flow\" style=\"flex-basis:66.66%\">\n<p><strong>La Biosthetique<\/strong> &#8211; <strong>Wellness f\u00fcr zu Hause<\/strong><\/p>\n\n\n\n<p>Damit das gepflegte Haargef\u00fchl auch noch Wochen nach einem Besuch bei SEHRISH KHAN &#8211; Haarexperten anh\u00e4lt, bieten wir ein umfangreiches Angebot von La Biosthetique \u2013 Produkten bei uns im Laden an. Ob f\u00fcr euch selbst oder als Geschenk. Wir bieten eine Vielzahl an Pflegeprodukten an. Schaut einfach bei uns vorbei!<\/p>\n<\/div>\n<\/div>\n\n\n\n<p><\/p>\n\n\n\n<div style=\"height:100px\" aria-hidden=\"true\" class=\"wp-block-spacer\"><\/div>\n\n\n\n<h2 class=\"wp-block-heading alignwide\" id=\"team\">TEAM<\/h2>\n\n\n\n<div class=\"wp-block-columns alignwide is-layout-flex wp-container-core-columns-is-layout-9d6595d7 wp-block-columns-is-layout-flex\">\n<div class=\"wp-block-column is-layout-flow wp-block-column-is-layout-flow\">\n<figure class=\"wp-block-image size-large\"><img loading=\"lazy\" decoding=\"async\" width=\"1997\" height=\"2000\" src=\"https:\/\/www.sk-haarexperten.de\/salon-pieschen\/wp-content\/uploads\/2021\/10\/Sehrish_2-edited.jpg\" alt=\"\" class=\"wp-image-132\" srcset=\"https:\/\/www.sk-haarexperten.de\/salon-pieschen\/wp-content\/uploads\/2021\/10\/Sehrish_2-edited.jpg 1997w, https:\/\/www.sk-haarexperten.de\/salon-pieschen\/wp-content\/uploads\/2021\/10\/Sehrish_2-edited-300x300.jpg 300w, https:\/\/www.sk-haarexperten.de\/salon-pieschen\/wp-content\/uploads\/2021\/10\/Sehrish_2-edited-1022x1024.jpg 1022w, https:\/\/www.sk-haarexperten.de\/salon-pieschen\/wp-content\/uploads\/2021\/10\/Sehrish_2-edited-150x150.jpg 150w, https:\/\/www.sk-haarexperten.de\/salon-pieschen\/wp-content\/uploads\/2021\/10\/Sehrish_2-edited-768x769.jpg 768w, https:\/\/www.sk-haarexperten.de\/salon-pieschen\/wp-content\/uploads\/2021\/10\/Sehrish_2-edited-1534x1536.jpg 1534w, https:\/\/www.sk-haarexperten.de\/salon-pieschen\/wp-content\/uploads\/2021\/10\/Sehrish_2-edited-1568x1570.jpg 1568w\" sizes=\"auto, (max-width: 1997px) 100vw, 1997px\" \/><\/figure>\n\n\n\n<h4 class=\"wp-block-heading has-text-align-center\">Sehrish<\/h4>\n\n\n\n<p class=\"has-text-align-center\">Inhaberin &amp; Premiumstylistin<\/p>\n<\/div>\n\n\n\n<div class=\"wp-block-column is-layout-flow wp-block-column-is-layout-flow\">\n<figure class=\"wp-block-image size-large\"><img loading=\"lazy\" decoding=\"async\" width=\"1997\" height=\"2000\" src=\"https:\/\/www.sk-haarexperten.de\/salon-pieschen\/wp-content\/uploads\/2021\/10\/Conny_1-edited.jpg\" alt=\"\" class=\"wp-image-133\" srcset=\"https:\/\/www.sk-haarexperten.de\/salon-pieschen\/wp-content\/uploads\/2021\/10\/Conny_1-edited.jpg 1997w, https:\/\/www.sk-haarexperten.de\/salon-pieschen\/wp-content\/uploads\/2021\/10\/Conny_1-edited-300x300.jpg 300w, https:\/\/www.sk-haarexperten.de\/salon-pieschen\/wp-content\/uploads\/2021\/10\/Conny_1-edited-1022x1024.jpg 1022w, https:\/\/www.sk-haarexperten.de\/salon-pieschen\/wp-content\/uploads\/2021\/10\/Conny_1-edited-150x150.jpg 150w, https:\/\/www.sk-haarexperten.de\/salon-pieschen\/wp-content\/uploads\/2021\/10\/Conny_1-edited-768x769.jpg 768w, https:\/\/www.sk-haarexperten.de\/salon-pieschen\/wp-content\/uploads\/2021\/10\/Conny_1-edited-1534x1536.jpg 1534w, https:\/\/www.sk-haarexperten.de\/salon-pieschen\/wp-content\/uploads\/2021\/10\/Conny_1-edited-1568x1570.jpg 1568w\" sizes=\"auto, (max-width: 1997px) 100vw, 1997px\" \/><\/figure>\n\n\n\n<h4 class=\"wp-block-heading has-text-align-center\">Conny<\/h4>\n\n\n\n<p class=\"has-text-align-center\">Topstylistin<\/p>\n<\/div>\n\n\n\n<div class=\"wp-block-column is-layout-flow wp-block-column-is-layout-flow\">\n<figure class=\"wp-block-image size-large\"><img loading=\"lazy\" decoding=\"async\" width=\"1997\" height=\"2000\" src=\"https:\/\/www.sk-haarexperten.de\/salon-pieschen\/wp-content\/uploads\/2021\/10\/Hira_3-edited.jpg\" alt=\"\" class=\"wp-image-134\" srcset=\"https:\/\/www.sk-haarexperten.de\/salon-pieschen\/wp-content\/uploads\/2021\/10\/Hira_3-edited.jpg 1997w, https:\/\/www.sk-haarexperten.de\/salon-pieschen\/wp-content\/uploads\/2021\/10\/Hira_3-edited-300x300.jpg 300w, https:\/\/www.sk-haarexperten.de\/salon-pieschen\/wp-content\/uploads\/2021\/10\/Hira_3-edited-1022x1024.jpg 1022w, https:\/\/www.sk-haarexperten.de\/salon-pieschen\/wp-content\/uploads\/2021\/10\/Hira_3-edited-150x150.jpg 150w, https:\/\/www.sk-haarexperten.de\/salon-pieschen\/wp-content\/uploads\/2021\/10\/Hira_3-edited-768x769.jpg 768w, https:\/\/www.sk-haarexperten.de\/salon-pieschen\/wp-content\/uploads\/2021\/10\/Hira_3-edited-1534x1536.jpg 1534w, https:\/\/www.sk-haarexperten.de\/salon-pieschen\/wp-content\/uploads\/2021\/10\/Hira_3-edited-1568x1570.jpg 1568w\" sizes=\"auto, (max-width: 1997px) 100vw, 1997px\" \/><\/figure>\n\n\n\n<h4 class=\"wp-block-heading has-text-align-center\">Hira<\/h4>\n\n\n\n<p class=\"has-text-align-center\">Store Managerin<\/p>\n<\/div>\n<\/div>\n\n\n\n<div class=\"wp-block-columns alignwide is-layout-flex wp-container-core-columns-is-layout-9d6595d7 wp-block-columns-is-layout-flex\">\n<div class=\"wp-block-column is-layout-flow wp-block-column-is-layout-flow\" style=\"flex-basis:500px\">\n<figure class=\"wp-block-image size-large\"><img loading=\"lazy\" decoding=\"async\" width=\"1024\" height=\"1024\" src=\"https:\/\/www.sk-haarexperten.de\/salon-pieschen\/wp-content\/uploads\/2021\/02\/Stellenanzeige.jpg\" alt=\"\" class=\"wp-image-69\" srcset=\"https:\/\/www.sk-haarexperten.de\/salon-pieschen\/wp-content\/uploads\/2021\/02\/Stellenanzeige.jpg 1024w, https:\/\/www.sk-haarexperten.de\/salon-pieschen\/wp-content\/uploads\/2021\/02\/Stellenanzeige-300x300.jpg 300w, https:\/\/www.sk-haarexperten.de\/salon-pieschen\/wp-content\/uploads\/2021\/02\/Stellenanzeige-150x150.jpg 150w, https:\/\/www.sk-haarexperten.de\/salon-pieschen\/wp-content\/uploads\/2021\/02\/Stellenanzeige-768x768.jpg 768w\" sizes=\"auto, (max-width: 1024px) 100vw, 1024px\" \/><\/figure>\n\n\n\n<h4 class=\"wp-block-heading has-text-align-center\">Hier k\u00f6nnte dein Name stehen!<\/h4>\n\n\n\n<p class=\"has-text-align-center\">Bewirb dich mit einer aussagekr\u00e4ftigen Bewerbung bei uns.<\/p>\n<\/div>\n<\/div>\n\n\n\n<div style=\"height:100px\" aria-hidden=\"true\" class=\"wp-block-spacer\"><\/div>\n\n\n\n<h2 class=\"wp-block-heading alignwide\" id=\"preise\">PREISE<\/h2>\n\n\n\n<p>Unsere Preise richten sich nach dem Zeitaufwand (nach Haarl\u00e4nge, Haartyp oder Schnitttechnik).<\/p>\n\n\n\n<h3 class=\"wp-block-heading\"><strong>Haarschnitt Damen<\/strong><\/h3>\n\n\n\n<figure class=\"wp-block-table is-style-stripes\"><table><tbody><tr><td>&nbsp; &nbsp;<\/td><td class=\"has-text-align-center\" data-align=\"center\"><strong>Junior Stylist<\/strong><\/td><td class=\"has-text-align-center\" data-align=\"center\"><strong>Top Stylist<\/strong><\/td><td class=\"has-text-align-center\" data-align=\"center\"><strong>Sehrish Khan<\/strong><\/td><\/tr><tr><td>Haarschnitt &amp; Styling<\/td><td class=\"has-text-align-center\" data-align=\"center\">ab 48 \u20ac<\/td><td class=\"has-text-align-center\" data-align=\"center\">ab 58 \u20ac<\/td><td class=\"has-text-align-center\" data-align=\"center\">ab 68 \u20ac<\/td><\/tr><tr><td>Styling<\/td><td class=\"has-text-align-center\" data-align=\"center\">ab 35 \u20ac<\/td><td class=\"has-text-align-center\" data-align=\"center\">ab 38 \u20ac<\/td><td class=\"has-text-align-center\" data-align=\"center\">ab 42 \u20ac<\/td><\/tr><\/tbody><\/table><figcaption class=\"wp-element-caption\">inkl. Individueller Beratung \u2022 Kopfhautcheck \u2022 Verw\u00f6hnhaarw\u00e4sche \u2022 Aroma Kopf- und Nackenmassage \u2022 Styling<\/figcaption><\/figure>\n\n\n\n<h3 class=\"wp-block-heading\"><strong>Haarschnitt Herren <\/strong><\/h3>\n\n\n\n<figure class=\"wp-block-table is-style-stripes\"><table><tbody><tr><td>&nbsp;<\/td><td class=\"has-text-align-center\" data-align=\"center\"><strong>Junior Stylist<\/strong><\/td><td class=\"has-text-align-center\" data-align=\"center\"><strong>Top Stylist<\/strong><\/td><td class=\"has-text-align-center\" data-align=\"center\"><strong>Sehrish Khan<\/strong><\/td><\/tr><tr><td>Haarschnitt &amp; Styling<\/td><td class=\"has-text-align-center\" data-align=\"center\">32 \u20ac<\/td><td class=\"has-text-align-center\" data-align=\"center\">42 \u20ac<\/td><td class=\"has-text-align-center\" data-align=\"center\">45 \u20ac<\/td><\/tr><\/tbody><\/table><figcaption class=\"wp-element-caption\">inkl. typgerechte Beratung\/ Verw\u00f6hnhaarw\u00e4sche Kopfhautcheck &amp; Entspannungsmassage f\u00fcr Kopf &amp; Nacken<\/figcaption><\/figure>\n\n\n\n<h3 class=\"wp-block-heading\"><strong>F\u00e4rben<\/strong><\/h3>\n\n\n\n<figure class=\"wp-block-table is-style-stripes\"><table><tbody><tr><td>&nbsp;<\/td><td class=\"has-text-align-center\" data-align=\"center\"><strong>Junior<\/strong><br><strong>Stylist<\/strong><\/td><td class=\"has-text-align-center\" data-align=\"center\"><strong>Top<\/strong><br><strong>Stylist<\/strong><\/td><td class=\"has-text-align-center\" data-align=\"center\"><strong>Sehrish<\/strong><br><strong>Khan<\/strong><\/td><\/tr><tr><td>F\u00e4rben \/ T\u00f6nen<\/td><td class=\"has-text-align-center\" data-align=\"center\">ab 46 \u20ac<\/td><td class=\"has-text-align-center\" data-align=\"center\">ab 50 \u20ac<\/td><td class=\"has-text-align-center\" data-align=\"center\">ab 55 \u20ac<\/td><\/tr><tr><td>Str\u00e4hnen<\/td><td class=\"has-text-align-center\" data-align=\"center\">ab 65 \u20ac<\/td><td class=\"has-text-align-center\" data-align=\"center\">ab 75 \u20ac<\/td><td class=\"has-text-align-center\" data-align=\"center\">ab 80 \u20ac<\/td><\/tr><\/tbody><\/table><figcaption class=\"wp-element-caption\">Balayage \/ Freehand Technik: f\u00fcr Farbschattierungen,\u00a0\u00a0<br>wie von der Sonne gek\u00fcsst \u2013 Preis auf Anfrage\u00a0<br>inkl. Typgerechte Beratung &amp; pflegender Nachbehandlung\u00a0<\/figcaption><\/figure>\n\n\n\n<h3 class=\"wp-block-heading\"><strong>Barbier<\/strong><\/h3>\n\n\n\n<figure class=\"wp-block-table is-style-stripes\"><table><tbody><tr><td>&nbsp;<\/td><td class=\"has-text-align-center\" data-align=\"center\"><strong>Topbarbier<\/strong><\/td><\/tr><tr><td>Herrenschnitt<\/td><td class=\"has-text-align-center\" data-align=\"center\">ab 28 \u20ac<\/td><\/tr><tr><td>Bartpflege<\/td><td class=\"has-text-align-center\" data-align=\"center\">ab 28 \u20ac<\/td><\/tr><tr><td>Herrenschnitt &amp; Bartpflege (Paketpreis)<\/td><td class=\"has-text-align-center\" data-align=\"center\">ab 45 \u20ac<\/td><\/tr><tr><td>Hei\u00dfwax<\/td><td class=\"has-text-align-center\" data-align=\"center\">ab 6 \u20ac<\/td><\/tr><tr><td>Orientalische Fadentechnik Barber<\/td><td class=\"has-text-align-center\" data-align=\"center\">ab 6 \u20ac<\/td><\/tr><tr><td>Reinigende Gesichtsmaske<\/td><td class=\"has-text-align-center\" data-align=\"center\">ab 8 \u20ac<\/td><td>&nbsp;<\/td><\/tr><\/tbody><\/table><\/figure>\n\n\n\n<h3 class=\"wp-block-heading\"><strong>Kosmetik<\/strong><\/h3>\n\n\n\n<figure class=\"wp-block-table is-style-stripes\"><table><tbody><tr><td>Augenbrauen Design<\/td><td>12 \u20ac<\/td><\/tr><tr><td>Augenbrauen f\u00e4rben<\/td><td>12 \u20ac<\/td><\/tr><tr><td>Wimpern f\u00e4rben<\/td><td>12 \u20ac<\/td><\/tr><tr><td>Orientalische Fadentechnik<\/td><td>ab 15 \u20ac<\/td><\/tr><tr><td>Henna-Tattoo<\/td><td>ab 15 \u20ac<\/td><\/tr><tr><td>Augenlifting Express &#8211; Anti Aging Augenpads<\/td><td>ab 12 \u20ac<\/td><\/tr><\/tbody><\/table><\/figure>\n\n\n\n<h3 class=\"wp-block-heading\"><strong>Make Up<\/strong><\/h3>\n\n\n\n<figure class=\"wp-block-table is-style-stripes\"><table><tbody><tr><td>Tages-Make up<\/td><td>ab 48 \u20ac<\/td><\/tr><tr><td>Abend-Make up<\/td><td>ab 58 \u20ac<\/td><\/tr><\/tbody><\/table><\/figure>\n\n\n\n<h3 class=\"wp-block-heading\"><strong>Braut Arrangement<\/strong><\/h3>\n\n\n\n<p>Frisur und Kosmetik zur Hochzeit &#8211; Preis auf Anfrage.<\/p>\n\n\n\n<hr class=\"wp-block-separator has-alpha-channel-opacity\"\/>\n\n\n\n<p>Als Service des Hauses erhalten Sie eine Haar- und Kopfhautdiagnose sowie ein individuelles Beratungsgespr\u00e4ch.&nbsp;<\/p>\n\n\n\n<p>Bitte beachten Sie, dass bei Terminabsagen unter 24 Stunden eine Ausfallgeb\u00fchr von 50% berechnet wird. Wir danken f\u00fcr Ihr Verst\u00e4ndnis.&nbsp;<\/p>\n\n\n\n<p>Auszug aus unserer Preisliste in Euro inkl. MwSt., Stand 2025.&nbsp;<\/p>\n\n\n\n<p>Die angegebenen Preise sind Grundpreise, die von einem durchschnittlichen Aufwand f\u00fcr die jeweiligen Haarl\u00e4ngen ausgehen. *= normaler Aufwand **= erh\u00f6hter Aufwand&nbsp;<\/p>\n\n\n\n<div style=\"height:100px\" aria-hidden=\"true\" class=\"wp-block-spacer\"><\/div>\n\n\n\n<h2 class=\"wp-block-heading alignwide\" id=\"kontakt\">KONTAKT<\/h2>\n\n\n\n<div class=\"wp-block-columns alignwide is-layout-flex wp-container-core-columns-is-layout-9d6595d7 wp-block-columns-is-layout-flex\">\n<div class=\"wp-block-column is-layout-flow wp-block-column-is-layout-flow\" style=\"flex-basis:50%\">\n<p class=\"has-text-align-center\"><strong>SEHRISH KHAN<br>HAAREXPERTEN<\/strong><\/p>\n\n\n\n<p class=\"has-text-align-center\">Hans- Fromm- Stra\u00dfe 7<br>01127 Dresden \u2013 Pieschen<\/p>\n\n\n\n<p class=\"has-text-align-center\">0351 \/ 27 56 65 79<br><a href=\"mailto:info@sk-haarexperten.de\">info@sk-haarexperten.de<\/a><\/p>\n<\/div>\n\n\n\n<div class=\"wp-block-column is-layout-flow wp-block-column-is-layout-flow\" style=\"flex-basis:33.33%\">\n<h4 class=\"wp-block-heading\">\u00d6ffnungszeiten<\/h4>\n\n\n\n<figure class=\"wp-block-table is-style-stripes\"><table><tbody><tr><td>Mo.<\/td><td>10 \u2013 20 Uhr<\/td><\/tr><tr><td>Di.<\/td><td>10 \u2013 20 Uhr<\/td><\/tr><tr><td>Mi.<\/td><td>10 \u2013 20 Uhr<\/td><\/tr><tr><td>Do.<\/td><td>10 &#8211; 20 Uhr&nbsp;<\/td><\/tr><tr><td>Fr.<\/td><td>10 \u2013 20 Uhr<\/td><\/tr><tr><td>Sa.<\/td><td>geschlossen<\/td><\/tr><\/tbody><\/table><\/figure>\n<\/div>\n<\/div>\n\n\n\n<p><\/p>\n","protected":false},"excerpt":{"rendered":"<p>SEHRISH KHAN und ihr Team vereinen Service, Qualit\u00e4t und Kreativit\u00e4t. Im Herzen von Dresden-Pieschen bieten wir ausgew\u00e4hlte Friseurdienstleistungen f\u00fcr Damen und Herren an. Wohltuende Pflegerituale und der Einsatz hochwertiger Pflegeprodukte von La Biosthetique l\u00e4sst jeden Besuch zu einer Auszeit vom Alltag werden. NEWS Neue \u00d6ffnungszeiten ab dem 01.06.2021! Montag-Freitag 10:00 \u2013 20:00 Uhr Samstag &nbsp;geschlossen&hellip; <a class=\"more-link\" href=\"https:\/\/www.sk-haarexperten.de\/salon-pieschen\/\"><span class=\"screen-reader-text\">FRISEURSALON<\/span> weiterlesen<\/a><\/p>\n","protected":false},"author":1,"featured_media":0,"parent":0,"menu_order":0,"comment_status":"closed","ping_status":"closed","template":"","meta":{"footnotes":""},"class_list":["post-5","page","type-page","status-publish","hentry","entry"],"_links":{"self":[{"href":"https:\/\/www.sk-haarexperten.de\/salon-pieschen\/index.php\/wp-json\/wp\/v2\/pages\/5","targetHints":{"allow":["GET"]}}],"collection":[{"href":"https:\/\/www.sk-haarexperten.de\/salon-pieschen\/index.php\/wp-json\/wp\/v2\/pages"}],"about":[{"href":"https:\/\/www.sk-haarexperten.de\/salon-pieschen\/index.php\/wp-json\/wp\/v2\/types\/page"}],"author":[{"embeddable":true,"href":"https:\/\/www.sk-haarexperten.de\/salon-pieschen\/index.php\/wp-json\/wp\/v2\/users\/1"}],"replies":[{"embeddable":true,"href":"https:\/\/www.sk-haarexperten.de\/salon-pieschen\/index.php\/wp-json\/wp\/v2\/comments?post=5"}],"version-history":[{"count":26,"href":"https:\/\/www.sk-haarexperten.de\/salon-pieschen\/index.php\/wp-json\/wp\/v2\/pages\/5\/revisions"}],"predecessor-version":[{"id":150,"href":"https:\/\/www.sk-haarexperten.de\/salon-pieschen\/index.php\/wp-json\/wp\/v2\/pages\/5\/revisions\/150"}],"wp:attachment":[{"href":"https:\/\/www.sk-haarexperten.de\/salon-pieschen\/index.php\/wp-json\/wp\/v2\/media?parent=5"}],"curies":[{"name":"wp","href":"https:\/\/api.w.org\/{rel}","templated":true}]}}